{"id":3380,"date":"2019-12-31T14:27:40","date_gmt":"2019-12-31T13:27:40","guid":{"rendered":"https:\/\/alaverriere.com\/?page_id=3380"},"modified":"2020-02-12T12:30:43","modified_gmt":"2020-02-12T11:30:43","slug":"business-space","status":"publish","type":"page","link":"https:\/\/alaverriere.com\/en\/business-space\/","title":{"rendered":"Business space"},"content":{"rendered":"<p><div class=\"fusion-fullwidth fullwidth-box fusion-builder-row-1 nonhundred-percent-fullwidth non-hundred-percent-height-scrolling\" style=\"--awb-border-radius-top-left:0px;--awb-border-radius-top-right:0px;--awb-border-radius-bottom-right:0px;--awb-border-radius-bottom-left:0px;--awb-padding-right:0px;--awb-padding-left:0px;--awb-flex-wrap:wrap;\" ><div class=\"fusion-builder-row fusion-row\"><div class=\"fusion-layout-column fusion_builder_column fusion-builder-column-0 fusion_builder_column_1_1 1_1 fusion-one-full fusion-column-first fusion-column-last\" style=\"--awb-padding-top:0%;--awb-padding-right:0%;--awb-padding-bottom:0%;--awb-padding-left:0%;--awb-bg-size:cover;\"><div class=\"fusion-column-wrapper fusion-column-has-shadow fusion-flex-column-wrapper-legacy\">\t\t\t\t\t<div class=\"fusion-slider-container fusion-slider-sc-busness fusion-slider-167 full-width-slider\" style=\"height:500px; max-width:100%;\" data-id=\"167\" data-full_height=\"\">\n\t\t\t\t\t\t<style type=\"text\/css\">.fusion-slider-167 .flex-direction-nav a {width:63px;height:63px;line-height:63px;font-size:25px;}<\/style>\t\t\t\t\t\t<div class=\"fusion-slider-loading\">Loading...<\/div>\n\t\t\t\t\t\t<div class=\"tfs-slider flexslider main-flex full-width-slider\" data-slider_width=\"100%\" data-slider_height=\"500px\" data-full_screen=\"0\" data-slider_indicator=\"scroll_down_indicator\" data-slider_indicator_color=\"#000000\" data-parallax=\"0\" data-nav_arrows=\"1\" data-nav_box_width=\"63px\" data-nav_box_height=\"63px\" data-nav_arrow_size=\"25px\" data-autoplay=\"1\" data-loop=\"1\" data-orderby=\"date\" data-order=\"ASC\" data-animation=\"fade\" data-slideshow_speed=\"6000\" data-animation_speed=\"500\" data-typo_sensitivity=\"1\" data-typo_factor=\"1.5\" style=\"max-width:100%;\">\n\t\t\t\t\t\t\t<ul class=\"slides\">\n\t\t\t\t\t\t\t\t\t\t\t\t\t\t\t\t\t<li data-mute=\"yes\" data-loop=\"yes\" data-autoplay=\"yes\">\n\t\t\t\t\t\t\t\t\t\t<div class=\"slide-content-container slide-content-center\" style=\"display: none;\">\n\t\t\t\t\t\t\t\t\t\t\t<div class=\"slide-content\" style=\"\">\n\t\t\t\t\t\t\t\t\t\t\t\t\t\t\t\t\t\t\t\t\t\t\t\t\t\t\t\t\t\t\t\t\t\t\t\t\t\t\t\t\t\t\t\t\t\t\t<\/div>\n\t\t\t\t\t\t\t\t\t\t<\/div>\n\t\t\t\t\t\t\t\t\t\t\t\t\t\t\t\t\t\t\t\t\t\t\t\t\t\t\t\t\t\t\t\t\t\t\t\t\t\t\t\t<div class=\"background background-image\" style=\"background-image: url(https:\/\/alaverriere.com\/wp-content\/uploads\/2019\/12\/5-repas-d\u00e9t\u00e9-de-la-maison-dh\u00f4tes-de-La-Verri\u00e8re2.jpg);max-width:100%;height:500px;filter: progid:DXImageTransform.Microsoft.AlphaImageLoader(src='https:\/\/alaverriere.com\/wp-content\/uploads\/2019\/12\/5-repas-d\u00e9t\u00e9-de-la-maison-dh\u00f4tes-de-La-Verri\u00e8re2.jpg', sizingMethod='scale');\" data-imgwidth=\"1280\">\n\t\t\t\t\t\t\t\t\t\t\t\t\t\t\t\t\t\t\t\t\t\t\t\t\t\t\t\t\t\t\t\t\t\t\t\t\t\t\t\t\t\t\t\t\t\t\t\t\t\t\t\t\t\t\t\t\t\t\t\t\t\t\t\t\t\t<\/div>\n\t\t\t\t\t\t\t\t\t<\/li>\n\t\t\t\t\t\t\t\t\t\t\t\t\t\t\t\t\t\t\t\t\t\t\t<\/ul>\n\t\t\t\t\t\t<\/div>\n\t\t\t\t\t<\/div>\n\t\t\t\t\t\t\t\t<div class=\"fusion-clearfix\"><\/div><\/div><\/div><\/div><\/div><div class=\"fusion-fullwidth fullwidth-box fusion-builder-row-2 nonhundred-percent-fullwidth non-hundred-percent-height-scrolling\" style=\"--awb-border-radius-top-left:0px;--awb-border-radius-top-right:0px;--awb-border-radius-bottom-right:0px;--awb-border-radius-bottom-left:0px;--awb-flex-wrap:wrap;\" ><div class=\"fusion-builder-row fusion-row\"><div class=\"fusion-layout-column fusion_builder_column fusion-builder-column-1 fusion_builder_column_1_1 1_1 fusion-one-full fusion-column-first fusion-column-last\" style=\"--awb-bg-size:cover;\"><div class=\"fusion-column-wrapper fusion-flex-column-wrapper-legacy\"><div class=\"fusion-sep-clear\"><\/div><div class=\"fusion-separator fusion-full-width-sep\" style=\"margin-left: auto;margin-right: auto;margin-top:30px;width:100%;\"><\/div><div class=\"fusion-sep-clear\"><\/div><div class=\"fusion-text fusion-text-1\"><h1 style=\"text-align: center;\">Our business space<\/h1>\n<\/div><div class=\"fusion-image-element fusion-image-align-center in-legacy-container\" style=\"text-align:center;--awb-caption-title-font-family:var(--h2_typography-font-family);--awb-caption-title-font-weight:var(--h2_typography-font-weight);--awb-caption-title-font-style:var(--h2_typography-font-style);--awb-caption-title-size:var(--h2_typography-font-size);--awb-caption-title-transform:var(--h2_typography-text-transform);--awb-caption-title-line-height:var(--h2_typography-line-height);--awb-caption-title-letter-spacing:var(--h2_typography-letter-spacing);\"><div class=\"imageframe-align-center\"><span class=\" fusion-imageframe imageframe-none imageframe-1 hover-type-none\"><img decoding=\"async\" width=\"120\" height=\"59\" title=\"separator\" src=\"https:\/\/alaverriere.com\/wp-content\/uploads\/2019\/10\/separator-2.png\" alt class=\"img-responsive wp-image-3340\"\/><\/span><\/div><\/div><div class=\"fusion-sep-clear\"><\/div><div class=\"fusion-separator fusion-full-width-sep\" style=\"margin-left: auto;margin-right: auto;margin-bottom:15px;width:100%;\"><\/div><div class=\"fusion-sep-clear\"><\/div><div class=\"fusion-clearfix\"><\/div><\/div><\/div><\/div><\/div><div class=\"fusion-fullwidth fullwidth-box fusion-builder-row-3 nonhundred-percent-fullwidth non-hundred-percent-height-scrolling fusion-equal-height-columns\" style=\"--awb-border-radius-top-left:0px;--awb-border-radius-top-right:0px;--awb-border-radius-bottom-right:0px;--awb-border-radius-bottom-left:0px;--awb-padding-bottom:0px;--awb-flex-wrap:wrap;\" ><div class=\"fusion-builder-row fusion-row\"><div class=\"fusion-layout-column fusion_builder_column fusion-builder-column-2 fusion_builder_column_1_2 1_2 fusion-one-half fusion-column-first\" style=\"--awb-padding-top:20px;--awb-padding-right:20px;--awb-padding-left:20px;--awb-bg-color:#efefef;--awb-bg-color-hover:#efefef;--awb-bg-size:cover;--awb-margin-bottom:0px;width:50%;width:calc(50% - ( ( 10px ) * 0.5 ) );margin-right: 10px;\"><div class=\"fusion-column-wrapper fusion-column-has-shadow fusion-flex-column-wrapper-legacy\"><div class=\"fusion-column-content-centered\"><div class=\"fusion-column-content\"><div class=\"fusion-slider-sc fusion-flexslider-loading flexslider flexslider-hover-type-none\" data-slideshow_autoplay=\"1\" data-slideshow_smooth_height=\"0\" data-slideshow_speed=\"7000\" style=\"max-width:100%;height:100%;\"><ul class=\"slides\"><li class=\"image\"><span class=\"fusion-image-hover-element hover-type-none\"><img decoding=\"async\" src=\"https:\/\/alaverriere.com\/wp-content\/uploads\/2020\/01\/d\u00e9gustation-oenologique-la-Verri\u00e8re1.jpg\" width=\"525\" height=\"394\" class=\"wp-image-3524\" \/><\/span><\/li><li class=\"image\"><span class=\"fusion-image-hover-element hover-type-none\"><img decoding=\"async\" src=\"https:\/\/alaverriere.com\/wp-content\/uploads\/2020\/01\/sallederunionla-verriere1.png\" width=\"525\" height=\"394\" class=\"wp-image-3520\" \/><\/span><\/li><li class=\"image\"><span class=\"fusion-image-hover-element hover-type-none\"><img decoding=\"async\" src=\"https:\/\/alaverriere.com\/wp-content\/uploads\/2020\/01\/espacepro021.png\" width=\"525\" height=\"394\" class=\"wp-image-3522\" \/><\/span><\/li><\/ul><\/div><\/div><\/div><div class=\"fusion-clearfix\"><\/div><\/div><\/div><div class=\"fusion-layout-column fusion_builder_column fusion-builder-column-3 fusion_builder_column_1_2 1_2 fusion-one-half fusion-column-last\" style=\"--awb-padding-top:20px;--awb-padding-right:20px;--awb-padding-left:20px;--awb-bg-color:#efefef;--awb-bg-color-hover:#efefef;--awb-bg-size:cover;--awb-margin-bottom:0px;width:50%;width:calc(50% - ( ( 10px ) * 0.5 ) );\"><div class=\"fusion-column-wrapper fusion-column-has-shadow fusion-flex-column-wrapper-legacy\"><div class=\"fusion-column-content-centered\"><div class=\"fusion-column-content\"><div class=\"fusion-text fusion-text-2\"><p style=\"text-align: justify;\">In front of a great landscape, you can also use our working room. 30 m2 wide, it is equipped with internet (high speed connexion) and wifi. It is air conditioned and very bright, since it faces east.<\/p>\n<\/div><div class=\"fusion-text fusion-text-3\"><p style=\"text-align: justify;\">According to what you do, you can plan projections, working or talking sessions, or work from a remote location.<\/p>\n<\/div><div class=\"fusion-text fusion-text-4\"><p style=\"text-align: justify;\">We can help you prepare your training sessions or seminars by organising various activities with local professionals (nature, wine, painting, all terrain biking\u2026)<\/p>\n<\/div><\/div><\/div><div class=\"fusion-clearfix\"><\/div><\/div><\/div><\/div><\/div><div class=\"fusion-fullwidth fullwidth-box fusion-builder-row-4 fusion-parallax-none nonhundred-percent-fullwidth non-hundred-percent-height-scrolling\" style=\"--awb-background-position:center top;--awb-border-radius-top-left:0px;--awb-border-radius-top-right:0px;--awb-border-radius-bottom-right:0px;--awb-border-radius-bottom-left:0px;--awb-background-image:url(&quot;https:\/\/alaverriere.com\/wp-content\/uploads\/2019\/12\/5-bis-la-maison-dh\u00f4tes-de-La-Verri\u00e8re2.jpg&quot;);--awb-background-size:cover;--awb-flex-wrap:wrap;\" ><div class=\"fusion-builder-row fusion-row\"><div class=\"fusion-layout-column fusion_builder_column fusion-builder-column-4 fusion_builder_column_1_1 1_1 fusion-one-full fusion-column-first fusion-column-last\" style=\"--awb-padding-top:150px;--awb-padding-bottom:150px;--awb-bg-size:cover;\"><div class=\"fusion-column-wrapper fusion-column-has-shadow fusion-flex-column-wrapper-legacy\"><div class=\"fusion-aligncenter\"><a class=\"fusion-button button-flat fusion-button-default-size button-default fusion-button-default button-1 fusion-button-default-span fusion-button-default-type\" target=\"_self\" href=\"\/en\/book\/\"><span class=\"fusion-button-text awb-button__text awb-button__text--default\">Book your trip<\/span><\/a><\/div><div class=\"fusion-clearfix\"><\/div><\/div><\/div><\/div><\/div>\n<\/p>\n","protected":false},"excerpt":{"rendered":"","protected":false},"author":6,"featured_media":0,"parent":0,"menu_order":0,"comment_status":"closed","ping_status":"closed","template":"100-width.php","meta":{"footnotes":""},"class_list":["post-3380","page","type-page","status-publish","hentry"],"yoast_head":"<!-- This site is optimized with the Yoast SEO plugin v27.0 - https:\/\/yoast.com\/product\/yoast-seo-wordpress\/ -->\n<title>Business space - Maison d&#039;h\u00f4te de la Verri\u00e8re en Beaujolais - Chambres d&#039;h\u00f4tes<\/title>\n<meta name=\"robots\" content=\"index, follow, max-snippet:-1, max-image-preview:large, max-video-preview:-1\" \/>\n<link rel=\"canonical\" href=\"https:\/\/alaverriere.com\/table-hote\/\" \/>\n<meta property=\"og:locale\" content=\"en_US\" \/>\n<meta property=\"og:type\" content=\"article\" \/>\n<meta property=\"og:title\" content=\"Business space - Maison d&#039;h\u00f4te de la Verri\u00e8re en Beaujolais - Chambres d&#039;h\u00f4tes\" \/>\n<meta property=\"og:url\" content=\"https:\/\/alaverriere.com\/table-hote\/\" \/>\n<meta property=\"og:site_name\" content=\"Maison d&#039;h\u00f4te de la Verri\u00e8re en Beaujolais - Chambres d&#039;h\u00f4tes\" \/>\n<meta property=\"article:modified_time\" content=\"2020-02-12T11:30:43+00:00\" \/>\n<meta name=\"twitter:card\" content=\"summary_large_image\" \/>\n<meta name=\"twitter:label1\" content=\"Est. reading time\" \/>\n\t<meta name=\"twitter:data1\" content=\"8 minutes\" \/>\n<script type=\"application\/ld+json\" class=\"yoast-schema-graph\">{\"@context\":\"https:\/\/schema.org\",\"@graph\":[{\"@type\":\"WebPage\",\"@id\":\"https:\/\/alaverriere.com\/table-hote\/\",\"url\":\"https:\/\/alaverriere.com\/table-hote\/\",\"name\":\"Business space - Maison d&#039;h\u00f4te de la Verri\u00e8re en Beaujolais - Chambres d&#039;h\u00f4tes\",\"isPartOf\":{\"@id\":\"https:\/\/alaverriere.com\/#website\"},\"datePublished\":\"2019-12-31T13:27:40+00:00\",\"dateModified\":\"2020-02-12T11:30:43+00:00\",\"breadcrumb\":{\"@id\":\"https:\/\/alaverriere.com\/table-hote\/#breadcrumb\"},\"inLanguage\":\"en-US\",\"potentialAction\":[{\"@type\":\"ReadAction\",\"target\":[\"https:\/\/alaverriere.com\/table-hote\/\"]}]},{\"@type\":\"BreadcrumbList\",\"@id\":\"https:\/\/alaverriere.com\/table-hote\/#breadcrumb\",\"itemListElement\":[{\"@type\":\"ListItem\",\"position\":1,\"name\":\"Accueil\",\"item\":\"https:\/\/alaverriere.com\/en\/\"},{\"@type\":\"ListItem\",\"position\":2,\"name\":\"Business space\"}]},{\"@type\":\"WebSite\",\"@id\":\"https:\/\/alaverriere.com\/#website\",\"url\":\"https:\/\/alaverriere.com\/\",\"name\":\"Maison d'h\u00f4te de la Verri\u00e8re \u00e0 Beaujolais, entre la Bourgogne du Sud et Lyon, r\u00e9servation\",\"description\":\"Maison d&#039;h\u00f4te de la Verri\u00e8re en Beaujolais - Chambres d&#039;h\u00f4tes\",\"potentialAction\":[{\"@type\":\"SearchAction\",\"target\":{\"@type\":\"EntryPoint\",\"urlTemplate\":\"https:\/\/alaverriere.com\/?s={search_term_string}\"},\"query-input\":{\"@type\":\"PropertyValueSpecification\",\"valueRequired\":true,\"valueName\":\"search_term_string\"}}],\"inLanguage\":\"en-US\"}]}<\/script>\n<!-- \/ Yoast SEO plugin. -->","yoast_head_json":{"title":"Business space - Maison d&#039;h\u00f4te de la Verri\u00e8re en Beaujolais - Chambres d&#039;h\u00f4tes","robots":{"index":"index","follow":"follow","max-snippet":"max-snippet:-1","max-image-preview":"max-image-preview:large","max-video-preview":"max-video-preview:-1"},"canonical":"https:\/\/alaverriere.com\/table-hote\/","og_locale":"en_US","og_type":"article","og_title":"Business space - Maison d&#039;h\u00f4te de la Verri\u00e8re en Beaujolais - Chambres d&#039;h\u00f4tes","og_url":"https:\/\/alaverriere.com\/table-hote\/","og_site_name":"Maison d&#039;h\u00f4te de la Verri\u00e8re en Beaujolais - Chambres d&#039;h\u00f4tes","article_modified_time":"2020-02-12T11:30:43+00:00","twitter_card":"summary_large_image","twitter_misc":{"Est. reading time":"8 minutes"},"schema":{"@context":"https:\/\/schema.org","@graph":[{"@type":"WebPage","@id":"https:\/\/alaverriere.com\/table-hote\/","url":"https:\/\/alaverriere.com\/table-hote\/","name":"Business space - Maison d&#039;h\u00f4te de la Verri\u00e8re en Beaujolais - Chambres d&#039;h\u00f4tes","isPartOf":{"@id":"https:\/\/alaverriere.com\/#website"},"datePublished":"2019-12-31T13:27:40+00:00","dateModified":"2020-02-12T11:30:43+00:00","breadcrumb":{"@id":"https:\/\/alaverriere.com\/table-hote\/#breadcrumb"},"inLanguage":"en-US","potentialAction":[{"@type":"ReadAction","target":["https:\/\/alaverriere.com\/table-hote\/"]}]},{"@type":"BreadcrumbList","@id":"https:\/\/alaverriere.com\/table-hote\/#breadcrumb","itemListElement":[{"@type":"ListItem","position":1,"name":"Accueil","item":"https:\/\/alaverriere.com\/en\/"},{"@type":"ListItem","position":2,"name":"Business space"}]},{"@type":"WebSite","@id":"https:\/\/alaverriere.com\/#website","url":"https:\/\/alaverriere.com\/","name":"Maison d'h\u00f4te de la Verri\u00e8re \u00e0 Beaujolais, entre la Bourgogne du Sud et Lyon, r\u00e9servation","description":"Maison d&#039;h\u00f4te de la Verri\u00e8re en Beaujolais - Chambres d&#039;h\u00f4tes","potentialAction":[{"@type":"SearchAction","target":{"@type":"EntryPoint","urlTemplate":"https:\/\/alaverriere.com\/?s={search_term_string}"},"query-input":{"@type":"PropertyValueSpecification","valueRequired":true,"valueName":"search_term_string"}}],"inLanguage":"en-US"}]}},"_links":{"self":[{"href":"https:\/\/alaverriere.com\/en\/wp-json\/wp\/v2\/pages\/3380","targetHints":{"allow":["GET"]}}],"collection":[{"href":"https:\/\/alaverriere.com\/en\/wp-json\/wp\/v2\/pages"}],"about":[{"href":"https:\/\/alaverriere.com\/en\/wp-json\/wp\/v2\/types\/page"}],"author":[{"embeddable":true,"href":"https:\/\/alaverriere.com\/en\/wp-json\/wp\/v2\/users\/6"}],"replies":[{"embeddable":true,"href":"https:\/\/alaverriere.com\/en\/wp-json\/wp\/v2\/comments?post=3380"}],"version-history":[{"count":26,"href":"https:\/\/alaverriere.com\/en\/wp-json\/wp\/v2\/pages\/3380\/revisions"}],"predecessor-version":[{"id":3652,"href":"https:\/\/alaverriere.com\/en\/wp-json\/wp\/v2\/pages\/3380\/revisions\/3652"}],"wp:attachment":[{"href":"https:\/\/alaverriere.com\/en\/wp-json\/wp\/v2\/media?parent=3380"}],"curies":[{"name":"wp","href":"https:\/\/api.w.org\/{rel}","templated":true}]}}