{"id":3399,"date":"2019-12-31T14:52:57","date_gmt":"2019-12-31T13:52:57","guid":{"rendered":"https:\/\/alaverriere.com\/?page_id=3399"},"modified":"2024-01-21T22:40:45","modified_gmt":"2024-01-21T21:40:45","slug":"contact-en","status":"publish","type":"page","link":"https:\/\/alaverriere.com\/en\/contact-en\/","title":{"rendered":"Access &#038; Contact"},"content":{"rendered":"<p><div class=\"fusion-fullwidth fullwidth-box fusion-builder-row-1 hundred-percent-fullwidth non-hundred-percent-height-scrolling\" style=\"--awb-background-position:left top;--awb-border-sizes-top:0px;--awb-border-sizes-bottom:0px;--awb-border-sizes-left:0px;--awb-border-sizes-right:0px;--awb-border-radius-top-left:0px;--awb-border-radius-top-right:0px;--awb-border-radius-bottom-right:0px;--awb-border-radius-bottom-left:0px;--awb-padding-top:0px;--awb-padding-right:80px;--awb-padding-bottom:0px;--awb-padding-left:80px;--awb-margin-top:30px;--awb-flex-wrap:wrap;\" ><div class=\"fusion-builder-row fusion-row\"><div class=\"fusion-layout-column fusion_builder_column fusion-builder-column-0 fusion_builder_column_1_1 1_1 fusion-one-full fusion-column-first fusion-column-last fusion-column-no-min-height\" style=\"--awb-bg-size:cover;--awb-margin-bottom:0px;\"><div class=\"fusion-column-wrapper fusion-flex-column-wrapper-legacy\"><div class=\"fusion-text fusion-text-1\"><h2 style=\"text-align: center;\">Access &amp; Contact<\/h2>\n<\/div><div class=\"fusion-image-element fusion-image-align-center in-legacy-container\" style=\"text-align:center;--awb-caption-title-font-family:var(--h2_typography-font-family);--awb-caption-title-font-weight:var(--h2_typography-font-weight);--awb-caption-title-font-style:var(--h2_typography-font-style);--awb-caption-title-size:var(--h2_typography-font-size);--awb-caption-title-transform:var(--h2_typography-text-transform);--awb-caption-title-line-height:var(--h2_typography-line-height);--awb-caption-title-letter-spacing:var(--h2_typography-letter-spacing);\"><div class=\"imageframe-align-center\"><span class=\" fusion-imageframe imageframe-none imageframe-1 hover-type-none\"><img decoding=\"async\" width=\"120\" height=\"59\" title=\"separator\" src=\"https:\/\/alaverriere.com\/wp-content\/uploads\/2019\/10\/separator-2.png\" alt class=\"img-responsive wp-image-3340\"\/><\/span><\/div><\/div><div class=\"fusion-sep-clear\"><\/div><div class=\"fusion-separator fusion-full-width-sep\" style=\"margin-left: auto;margin-right: auto;margin-bottom:15px;width:100%;\"><\/div><div class=\"fusion-sep-clear\"><\/div><div class=\"fusion-text fusion-text-2\"><p style=\"text-align: justify;\">La Verri\u00e8re is 1,5 km far of col de Crie, and 5 km of Chenelette, at 12 km de Beaujeu and 25 de Belleville. It&#8217;s on hour far of Lyon, and at 2 hours of Paris (TGV Macon Loch\u00e9 + car).<\/p>\n<\/div><div class=\"fusion-title title fusion-title-1 fusion-sep-none fusion-title-center fusion-title-text fusion-title-size-three\" style=\"--awb-font-size:18px;\"><h3 class=\"fusion-title-heading title-heading-center fusion-responsive-typography-calculated\" style=\"margin:0;font-size:1em;--fontSize:18;--minFontSize:18;line-height:1;\"><a href=\"https:\/\/alaverriere.com\/wp-content\/uploads\/2019\/12\/La-Verri\u00e8re-plan-2015-UK.pdf\" target=\"_blank\" rel=\"noopener noreferrer\">&gt; Click here to download the printable instructions &lt;<\/a><\/h3><\/div><div class=\"fusion-clearfix\"><\/div><\/div><\/div><\/div><\/div><div class=\"fusion-fullwidth fullwidth-box fusion-builder-row-2 hundred-percent-fullwidth non-hundred-percent-height-scrolling\" style=\"--awb-background-position:left top;--awb-border-sizes-top:0px;--awb-border-sizes-bottom:0px;--awb-border-sizes-left:0px;--awb-border-sizes-right:0px;--awb-border-radius-top-left:0px;--awb-border-radius-top-right:0px;--awb-border-radius-bottom-right:0px;--awb-border-radius-bottom-left:0px;--awb-padding-top:0px;--awb-padding-right:0px;--awb-padding-bottom:0px;--awb-padding-left:0px;--awb-flex-wrap:wrap;\" ><div class=\"fusion-builder-row fusion-row\"><div class=\"fusion-layout-column fusion_builder_column fusion-builder-column-1 fusion_builder_column_1_1 1_1 fusion-one-full fusion-column-first fusion-column-last fusion-column-no-min-height\" style=\"--awb-bg-size:cover;--awb-margin-bottom:0px;\"><div class=\"fusion-column-wrapper fusion-flex-column-wrapper-legacy\"><div class=\"shortcode-map fusion-google-map fusion-maps-embed-type\"><iframe width=\"100%\" height=\"320px\" frameborder=\"0\" style=\"border:0\" src=\"https:\/\/www.google.com\/maps\/embed\/v1\/place?key=AIzaSyAPOeO-KxCBc_y16yiSXoCvyawY8EQV0PU&language=en&q=10+impasse+des+Oncins,+69430+Les+Ardillats&maptype=roadmap&zoom=15\" allowfullscreen><\/iframe><\/div><div class=\"fusion-clearfix\"><\/div><\/div><\/div><\/div><\/div><div class=\"fusion-fullwidth fullwidth-box fusion-builder-row-3 fusion-parallax-none nonhundred-percent-fullwidth non-hundred-percent-height-scrolling\" style=\"--awb-background-position:left top;--awb-background-repeat:repeat;--awb-border-sizes-top:0px;--awb-border-sizes-bottom:0px;--awb-border-sizes-left:0px;--awb-border-sizes-right:0px;--awb-border-radius-top-left:0px;--awb-border-radius-top-right:0px;--awb-border-radius-bottom-right:0px;--awb-border-radius-bottom-left:0px;--awb-padding-top:20px;--awb-padding-bottom:25px;--awb-background-image:url(&quot;https:\/\/alaverriere.com\/wp-content\/uploads\/2019\/10\/la-verriere-maison-dhote-3-copie.jpg&quot;);--awb-flex-wrap:wrap;\" ><div class=\"fusion-builder-row fusion-row\"><div class=\"fusion-layout-column fusion_builder_column fusion-builder-column-2 fusion_builder_column_1_2 1_2 fusion-one-half fusion-column-first\" style=\"--awb-bg-size:cover;width:48%; margin-right: 4%;\"><div class=\"fusion-column-wrapper fusion-column-has-shadow fusion-flex-column-wrapper-legacy\"><div class=\"fusion-sep-clear\"><\/div><div class=\"fusion-separator\" style=\"margin-left: auto;margin-right: auto;margin-top:25px;margin-bottom:25px;width:100%;max-width:200px;\"><\/div><div class=\"fusion-sep-clear\"><\/div><div class=\"fusion-text fusion-text-3\"><h3 style=\"text-align: center;\">You wish to contact.<br \/>\nEnter your message here, it will be forwarded directly to our team.<\/h3>\n<h3 style=\"text-align: center;\">Gr\u00e9goire LAMY<\/h3>\n<\/div><div class=\"fusion-sep-clear\"><\/div><div class=\"fusion-separator\" style=\"margin-left: auto;margin-right: auto;margin-top:5px;margin-bottom:20px;width:100%;max-width:200px;\"><div class=\"fusion-separator-border sep-single sep-solid\" style=\"--awb-height:20px;--awb-amount:20px;--awb-sep-color:#e0e0e0;border-color:#e0e0e0;border-top-width:1px;\"><\/div><\/div><div class=\"fusion-sep-clear\"><\/div><div class=\"fusion-text fusion-text-4\"><p style=\"text-align: center;\"><strong>Address :<\/strong> 10 impasse des Oncins,<br \/>\nLa Verri\u00e8re<br \/>\n69430, Les Ardillats<br \/>\n<strong>Phone : +33 (0)4 74 04 71 46<\/strong><\/p>\n<\/div><div class=\"fusion-clearfix\"><\/div><\/div><\/div><div class=\"fusion-layout-column fusion_builder_column fusion-builder-column-3 fusion_builder_column_1_2 1_2 fusion-one-half fusion-column-last\" style=\"--awb-bg-size:cover;width:48%;\"><div class=\"fusion-column-wrapper fusion-flex-column-wrapper-legacy\">\n<div class=\"wpcf7 no-js\" id=\"wpcf7-f3542-o1\" lang=\"fr-FR\" dir=\"ltr\" data-wpcf7-id=\"3542\">\n<div class=\"screen-reader-response\"><p role=\"status\" aria-live=\"polite\" aria-atomic=\"true\"><\/p> <ul><\/ul><\/div>\n<form action=\"\/en\/wp-json\/wp\/v2\/pages\/3399#wpcf7-f3542-o1\" method=\"post\" class=\"wpcf7-form init\" aria-label=\"Formulaire de contact\" novalidate=\"novalidate\" data-status=\"init\">\n<fieldset class=\"hidden-fields-container\"><input type=\"hidden\" name=\"_wpcf7\" value=\"3542\" \/><input type=\"hidden\" name=\"_wpcf7_version\" value=\"6.1.5\" \/><input type=\"hidden\" name=\"_wpcf7_locale\" value=\"fr_FR\" \/><input type=\"hidden\" name=\"_wpcf7_unit_tag\" value=\"wpcf7-f3542-o1\" \/><input type=\"hidden\" name=\"_wpcf7_container_post\" value=\"0\" \/><input type=\"hidden\" name=\"_wpcf7_posted_data_hash\" value=\"\" \/><input type=\"hidden\" name=\"_wpcf7_recaptcha_response\" value=\"\" \/>\n<\/fieldset>\n<input type=\"hidden\" autocomplete=\"off\" autocorrect=\"off\" name=\"c-N-lk-i-KCX-E-EI-n-Sh\" value=\"\" \/><p><label> Your name (obligatory)<br \/>\n<span class=\"wpcf7-form-control-wrap\" data-name=\"your-name\"><input size=\"40\" maxlength=\"400\" class=\"wpcf7-form-control wpcf7-text wpcf7-validates-as-required\" aria-required=\"true\" aria-invalid=\"false\" value=\"\" type=\"text\" name=\"your-name\" \/><\/span> <\/label>\n<\/p>\n<p><label> Your e-mail (obligatory)<br \/>\n<span class=\"wpcf7-form-control-wrap\" data-name=\"your-email\"><input size=\"40\" maxlength=\"400\" class=\"wpcf7-form-control wpcf7-email wpcf7-validates-as-required wpcf7-text wpcf7-validates-as-email\" aria-required=\"true\" aria-invalid=\"false\" value=\"\" type=\"email\" name=\"your-email\" \/><\/span> <\/label><br \/>\n<label> Phone<span class=\"wpcf7-form-control-wrap\" data-name=\"tel-826\"><input size=\"40\" maxlength=\"400\" class=\"wpcf7-form-control wpcf7-tel wpcf7-text wpcf7-validates-as-tel\" aria-invalid=\"false\" value=\"\" type=\"tel\" name=\"tel-826\" \/><\/span><\/label><br \/>\n<label> Subject<br \/>\n<span class=\"wpcf7-form-control-wrap\" data-name=\"your-subject\"><input size=\"40\" maxlength=\"400\" class=\"wpcf7-form-control wpcf7-text\" aria-invalid=\"false\" value=\"\" type=\"text\" name=\"your-subject\" \/><\/span> <\/label>\n<\/p>\n<p><label> Your message<br \/>\n<span class=\"wpcf7-form-control-wrap\" data-name=\"your-message\"><textarea cols=\"40\" rows=\"10\" maxlength=\"2000\" class=\"wpcf7-form-control wpcf7-textarea\" aria-invalid=\"false\" name=\"your-message\"><\/textarea><\/span> <\/label>\n<\/p>\n<p><input class=\"wpcf7-form-control wpcf7-submit has-spinner\" type=\"submit\" value=\"Send\" \/>\n<\/p><div class=\"fusion-alert alert custom alert-custom fusion-alert-center wpcf7-response-output fusion-alert-capitalize awb-alert-native-link-color alert-dismissable awb-alert-close-boxed\" style=\"--awb-border-top-left-radius:0px;--awb-border-top-right-radius:0px;--awb-border-bottom-left-radius:0px;--awb-border-bottom-right-radius:0px;\" role=\"alert\"><div class=\"fusion-alert-content-wrapper\"><span class=\"fusion-alert-content\"><\/span><\/div><button type=\"button\" class=\"close toggle-alert\" data-dismiss=\"alert\" aria-label=\"Close\">&times;<\/button><\/div>\n<\/form>\n<\/div>\n<div class=\"fusion-clearfix\"><\/div><\/div><\/div><div class=\"fusion-layout-column fusion_builder_column fusion-builder-column-4 fusion_builder_column_1_1 1_1 fusion-one-full fusion-column-first fusion-column-last fusion-column-no-min-height\" style=\"--awb-bg-size:cover;--awb-margin-bottom:0px;\"><div class=\"fusion-column-wrapper fusion-flex-column-wrapper-legacy\"><div class=\"fusion-image-element in-legacy-container\" style=\"--awb-caption-title-font-family:var(--h2_typography-font-family);--awb-caption-title-font-weight:var(--h2_typography-font-weight);--awb-caption-title-font-style:var(--h2_typography-font-style);--awb-caption-title-size:var(--h2_typography-font-size);--awb-caption-title-transform:var(--h2_typography-text-transform);--awb-caption-title-line-height:var(--h2_typography-line-height);--awb-caption-title-letter-spacing:var(--h2_typography-letter-spacing);\"><span class=\" fusion-imageframe imageframe-none imageframe-2 hover-type-none\"> <img alt=\"\" class=\"img-responsive\"\/><\/span><\/div><div class=\"fusion-clearfix\"><\/div><\/div><\/div><\/div><\/div><\/p>\n","protected":false},"excerpt":{"rendered":"","protected":false},"author":6,"featured_media":0,"parent":0,"menu_order":0,"comment_status":"closed","ping_status":"closed","template":"100-width.php","meta":{"footnotes":""},"class_list":["post-3399","page","type-page","status-publish","hentry"],"yoast_head":"<!-- This site is optimized with the Yoast SEO plugin v27.0 - https:\/\/yoast.com\/product\/yoast-seo-wordpress\/ -->\n<title>Access &amp; Contact - Maison d&#039;h\u00f4te de la Verri\u00e8re en Beaujolais - Chambres d&#039;h\u00f4tes<\/title>\n<meta name=\"robots\" content=\"index, follow, max-snippet:-1, max-image-preview:large, max-video-preview:-1\" \/>\n<link rel=\"canonical\" href=\"https:\/\/alaverriere.com\/contact\/\" \/>\n<meta property=\"og:locale\" content=\"en_US\" \/>\n<meta property=\"og:type\" content=\"article\" \/>\n<meta property=\"og:title\" content=\"Access &amp; Contact - Maison d&#039;h\u00f4te de la Verri\u00e8re en Beaujolais - Chambres d&#039;h\u00f4tes\" \/>\n<meta property=\"og:url\" content=\"https:\/\/alaverriere.com\/contact\/\" \/>\n<meta property=\"og:site_name\" content=\"Maison d&#039;h\u00f4te de la Verri\u00e8re en Beaujolais - Chambres d&#039;h\u00f4tes\" \/>\n<meta property=\"article:modified_time\" content=\"2024-01-21T21:40:45+00:00\" \/>\n<meta name=\"twitter:card\" content=\"summary_large_image\" \/>\n<meta name=\"twitter:label1\" content=\"Est. reading time\" \/>\n\t<meta name=\"twitter:data1\" content=\"9 minutes\" \/>\n<script type=\"application\/ld+json\" class=\"yoast-schema-graph\">{\"@context\":\"https:\/\/schema.org\",\"@graph\":[{\"@type\":\"WebPage\",\"@id\":\"https:\/\/alaverriere.com\/contact\/\",\"url\":\"https:\/\/alaverriere.com\/contact\/\",\"name\":\"Access & Contact - Maison d&#039;h\u00f4te de la Verri\u00e8re en Beaujolais - Chambres d&#039;h\u00f4tes\",\"isPartOf\":{\"@id\":\"https:\/\/alaverriere.com\/#website\"},\"datePublished\":\"2019-12-31T13:52:57+00:00\",\"dateModified\":\"2024-01-21T21:40:45+00:00\",\"breadcrumb\":{\"@id\":\"https:\/\/alaverriere.com\/contact\/#breadcrumb\"},\"inLanguage\":\"en-US\",\"potentialAction\":[{\"@type\":\"ReadAction\",\"target\":[\"https:\/\/alaverriere.com\/contact\/\"]}]},{\"@type\":\"BreadcrumbList\",\"@id\":\"https:\/\/alaverriere.com\/contact\/#breadcrumb\",\"itemListElement\":[{\"@type\":\"ListItem\",\"position\":1,\"name\":\"Accueil\",\"item\":\"https:\/\/alaverriere.com\/en\/\"},{\"@type\":\"ListItem\",\"position\":2,\"name\":\"Access &#038; Contact\"}]},{\"@type\":\"WebSite\",\"@id\":\"https:\/\/alaverriere.com\/#website\",\"url\":\"https:\/\/alaverriere.com\/\",\"name\":\"Maison d'h\u00f4te de la Verri\u00e8re \u00e0 Beaujolais, entre la Bourgogne du Sud et Lyon, r\u00e9servation\",\"description\":\"Maison d&#039;h\u00f4te de la Verri\u00e8re en Beaujolais - Chambres d&#039;h\u00f4tes\",\"potentialAction\":[{\"@type\":\"SearchAction\",\"target\":{\"@type\":\"EntryPoint\",\"urlTemplate\":\"https:\/\/alaverriere.com\/?s={search_term_string}\"},\"query-input\":{\"@type\":\"PropertyValueSpecification\",\"valueRequired\":true,\"valueName\":\"search_term_string\"}}],\"inLanguage\":\"en-US\"}]}<\/script>\n<!-- \/ Yoast SEO plugin. -->","yoast_head_json":{"title":"Access & Contact - Maison d&#039;h\u00f4te de la Verri\u00e8re en Beaujolais - Chambres d&#039;h\u00f4tes","robots":{"index":"index","follow":"follow","max-snippet":"max-snippet:-1","max-image-preview":"max-image-preview:large","max-video-preview":"max-video-preview:-1"},"canonical":"https:\/\/alaverriere.com\/contact\/","og_locale":"en_US","og_type":"article","og_title":"Access & Contact - Maison d&#039;h\u00f4te de la Verri\u00e8re en Beaujolais - Chambres d&#039;h\u00f4tes","og_url":"https:\/\/alaverriere.com\/contact\/","og_site_name":"Maison d&#039;h\u00f4te de la Verri\u00e8re en Beaujolais - Chambres d&#039;h\u00f4tes","article_modified_time":"2024-01-21T21:40:45+00:00","twitter_card":"summary_large_image","twitter_misc":{"Est. reading time":"9 minutes"},"schema":{"@context":"https:\/\/schema.org","@graph":[{"@type":"WebPage","@id":"https:\/\/alaverriere.com\/contact\/","url":"https:\/\/alaverriere.com\/contact\/","name":"Access & Contact - Maison d&#039;h\u00f4te de la Verri\u00e8re en Beaujolais - Chambres d&#039;h\u00f4tes","isPartOf":{"@id":"https:\/\/alaverriere.com\/#website"},"datePublished":"2019-12-31T13:52:57+00:00","dateModified":"2024-01-21T21:40:45+00:00","breadcrumb":{"@id":"https:\/\/alaverriere.com\/contact\/#breadcrumb"},"inLanguage":"en-US","potentialAction":[{"@type":"ReadAction","target":["https:\/\/alaverriere.com\/contact\/"]}]},{"@type":"BreadcrumbList","@id":"https:\/\/alaverriere.com\/contact\/#breadcrumb","itemListElement":[{"@type":"ListItem","position":1,"name":"Accueil","item":"https:\/\/alaverriere.com\/en\/"},{"@type":"ListItem","position":2,"name":"Access &#038; Contact"}]},{"@type":"WebSite","@id":"https:\/\/alaverriere.com\/#website","url":"https:\/\/alaverriere.com\/","name":"Maison d'h\u00f4te de la Verri\u00e8re \u00e0 Beaujolais, entre la Bourgogne du Sud et Lyon, r\u00e9servation","description":"Maison d&#039;h\u00f4te de la Verri\u00e8re en Beaujolais - Chambres d&#039;h\u00f4tes","potentialAction":[{"@type":"SearchAction","target":{"@type":"EntryPoint","urlTemplate":"https:\/\/alaverriere.com\/?s={search_term_string}"},"query-input":{"@type":"PropertyValueSpecification","valueRequired":true,"valueName":"search_term_string"}}],"inLanguage":"en-US"}]}},"_links":{"self":[{"href":"https:\/\/alaverriere.com\/en\/wp-json\/wp\/v2\/pages\/3399","targetHints":{"allow":["GET"]}}],"collection":[{"href":"https:\/\/alaverriere.com\/en\/wp-json\/wp\/v2\/pages"}],"about":[{"href":"https:\/\/alaverriere.com\/en\/wp-json\/wp\/v2\/types\/page"}],"author":[{"embeddable":true,"href":"https:\/\/alaverriere.com\/en\/wp-json\/wp\/v2\/users\/6"}],"replies":[{"embeddable":true,"href":"https:\/\/alaverriere.com\/en\/wp-json\/wp\/v2\/comments?post=3399"}],"version-history":[{"count":11,"href":"https:\/\/alaverriere.com\/en\/wp-json\/wp\/v2\/pages\/3399\/revisions"}],"predecessor-version":[{"id":3932,"href":"https:\/\/alaverriere.com\/en\/wp-json\/wp\/v2\/pages\/3399\/revisions\/3932"}],"wp:attachment":[{"href":"https:\/\/alaverriere.com\/en\/wp-json\/wp\/v2\/media?parent=3399"}],"curies":[{"name":"wp","href":"https:\/\/api.w.org\/{rel}","templated":true}]}}