{"id":3591,"date":"2020-02-10T12:13:12","date_gmt":"2020-02-10T11:13:12","guid":{"rendered":"https:\/\/alaverriere.com\/?page_id=3591"},"modified":"2020-02-12T12:31:20","modified_gmt":"2020-02-12T11:31:20","slug":"our-recipes","status":"publish","type":"page","link":"https:\/\/alaverriere.com\/en\/our-recipes\/","title":{"rendered":"Our recipes"},"content":{"rendered":"<p><div class=\"fusion-fullwidth fullwidth-box fusion-builder-row-1 nonhundred-percent-fullwidth non-hundred-percent-height-scrolling\" style=\"--awb-border-radius-top-left:0px;--awb-border-radius-top-right:0px;--awb-border-radius-bottom-right:0px;--awb-border-radius-bottom-left:0px;--awb-flex-wrap:wrap;\" ><div class=\"fusion-builder-row fusion-row\"><div class=\"fusion-layout-column fusion_builder_column fusion-builder-column-0 fusion_builder_column_1_1 1_1 fusion-one-full fusion-column-first fusion-column-last\" style=\"--awb-bg-size:cover;\"><div class=\"fusion-column-wrapper fusion-flex-column-wrapper-legacy\"><div class=\"fusion-sep-clear\"><\/div><div class=\"fusion-separator fusion-full-width-sep\" style=\"margin-left: auto;margin-right: auto;margin-top:30px;width:100%;\"><\/div><div class=\"fusion-sep-clear\"><\/div><div class=\"fusion-text fusion-text-1\"><h1 style=\"text-align: center;\">Our recipes<\/h1>\n<\/div><div class=\"fusion-image-element fusion-image-align-center in-legacy-container\" style=\"text-align:center;--awb-caption-title-font-family:var(--h2_typography-font-family);--awb-caption-title-font-weight:var(--h2_typography-font-weight);--awb-caption-title-font-style:var(--h2_typography-font-style);--awb-caption-title-size:var(--h2_typography-font-size);--awb-caption-title-transform:var(--h2_typography-text-transform);--awb-caption-title-line-height:var(--h2_typography-line-height);--awb-caption-title-letter-spacing:var(--h2_typography-letter-spacing);\"><div class=\"imageframe-align-center\"><span class=\" fusion-imageframe imageframe-none imageframe-1 hover-type-none\"><img decoding=\"async\" width=\"120\" height=\"59\" title=\"separator\" src=\"https:\/\/alaverriere.com\/wp-content\/uploads\/2019\/10\/separator-2.png\" alt class=\"img-responsive wp-image-3340\"\/><\/span><\/div><\/div><div class=\"fusion-clearfix\"><\/div><\/div><\/div><\/div><\/div><div class=\"fusion-fullwidth fullwidth-box fusion-builder-row-2 nonhundred-percent-fullwidth non-hundred-percent-height-scrolling fusion-equal-height-columns\" style=\"--awb-border-radius-top-left:0px;--awb-border-radius-top-right:0px;--awb-border-radius-bottom-right:0px;--awb-border-radius-bottom-left:0px;--awb-padding-bottom:0px;--awb-margin-bottom:10px;--awb-flex-wrap:wrap;\" ><div class=\"fusion-builder-row fusion-row\"><div class=\"fusion-layout-column fusion_builder_column fusion-builder-column-1 fusion_builder_column_1_2 1_2 fusion-one-half fusion-column-first\" style=\"--awb-padding-top:20px;--awb-padding-right:20px;--awb-padding-left:20px;--awb-bg-color:#efefef;--awb-bg-color-hover:#efefef;--awb-bg-size:cover;--awb-margin-bottom:0px;width:50%;width:calc(50% - ( ( 10px ) * 0.5 ) );margin-right: 10px;\"><div class=\"fusion-column-wrapper fusion-column-has-shadow fusion-flex-column-wrapper-legacy\"><div class=\"fusion-column-content-centered\"><div class=\"fusion-column-content\"><div class=\"fusion-text fusion-text-2\"><h3 style=\"text-align: center;\">Gr\u00e9goire&#8217;s Yogurt Cake<\/h3>\n<\/div><div class=\"fusion-image-element fusion-image-align-center in-legacy-container\" style=\"text-align:center;--awb-liftup-border-radius:0px;--awb-caption-title-font-family:var(--h2_typography-font-family);--awb-caption-title-font-weight:var(--h2_typography-font-weight);--awb-caption-title-font-style:var(--h2_typography-font-style);--awb-caption-title-size:var(--h2_typography-font-size);--awb-caption-title-transform:var(--h2_typography-text-transform);--awb-caption-title-line-height:var(--h2_typography-line-height);--awb-caption-title-letter-spacing:var(--h2_typography-letter-spacing);\"><div class=\"imageframe-align-center\"><div class=\"awb-image-frame awb-image-frame-2 imageframe-liftup\"><span class=\" fusion-imageframe imageframe-none imageframe-2\"><a href=\"https:\/\/alaverriere.com\/wp-content\/uploads\/2019\/11\/recettes-cuisine-a-la-verriere-maison-hote.jpg\" class=\"fusion-lightbox\" data-rel=\"iLightbox[d6d2a7bd807d9ff14e2]\" data-title=\"recettes cuisine a la verriere maison hote\" title=\"recettes cuisine a la verriere maison hote\"><img decoding=\"async\" width=\"733\" height=\"550\" src=\"https:\/\/alaverriere.com\/wp-content\/uploads\/2019\/11\/recettes-cuisine-a-la-verriere-maison-hote.jpg\" alt class=\"img-responsive wp-image-3072\"\/><\/a><\/span><\/div><\/div><\/div><\/div><\/div><div class=\"fusion-clearfix\"><\/div><\/div><\/div><div class=\"fusion-layout-column fusion_builder_column fusion-builder-column-2 fusion_builder_column_1_2 1_2 fusion-one-half fusion-column-last\" style=\"--awb-padding-top:20px;--awb-padding-right:20px;--awb-padding-left:20px;--awb-bg-color:#efefef;--awb-bg-color-hover:#efefef;--awb-bg-size:cover;--awb-margin-bottom:0px;width:50%;width:calc(50% - ( ( 10px ) * 0.5 ) );\"><div class=\"fusion-column-wrapper fusion-column-has-shadow fusion-flex-column-wrapper-legacy\"><div class=\"fusion-column-content-centered\"><div class=\"fusion-column-content\"><div class=\"fusion-text fusion-text-3\"><p>The cake:<\/p>\n<p>\u2022 1 jar of yogurt<br \/>\n\u2022 3 yogurt jars of flour<br \/>\n\u2022 2 yogurt jars of sugar<br \/>\n\u2022 1 yogurt jar of oil<br \/>\n\u2022 3 eggs<br \/>\n\u2022 1 packet of yeast<\/p>\n<p>Mix all the ingredients and garnish the batter with dried fruits, chocolate shavings, pralines, spices, cinnamon or ginger, according to your tastes.<br \/>\nGrease and flour the sides of the cake pan. Fill the pan halfway. Bake in the oven for 40 minutes and using a knife, regularly test it to see if it&#8217;s done. Allow to cool before taking it out of the pan. Delicious for breakfast and easy to make for children.<\/p>\n<\/div><\/div><\/div><div class=\"fusion-clearfix\"><\/div><\/div><\/div><\/div><\/div><div class=\"fusion-fullwidth fullwidth-box fusion-builder-row-3 nonhundred-percent-fullwidth non-hundred-percent-height-scrolling fusion-equal-height-columns\" style=\"--awb-border-radius-top-left:0px;--awb-border-radius-top-right:0px;--awb-border-radius-bottom-right:0px;--awb-border-radius-bottom-left:0px;--awb-padding-bottom:0px;--awb-margin-bottom:10px;--awb-flex-wrap:wrap;\" ><div class=\"fusion-builder-row fusion-row\"><div class=\"fusion-layout-column fusion_builder_column fusion-builder-column-3 fusion_builder_column_1_2 1_2 fusion-one-half fusion-column-first\" style=\"--awb-padding-top:20px;--awb-padding-right:20px;--awb-padding-left:20px;--awb-bg-color:#efefef;--awb-bg-color-hover:#efefef;--awb-bg-size:cover;--awb-margin-bottom:0px;width:50%;width:calc(50% - ( ( 10px ) * 0.5 ) );margin-right: 10px;\"><div class=\"fusion-column-wrapper fusion-column-has-shadow fusion-flex-column-wrapper-legacy\"><div class=\"fusion-column-content-centered\"><div class=\"fusion-column-content\"><div class=\"fusion-text fusion-text-4\"><p>A great way to use up the last tomatoes from your garden! This jam has a beautiful green color and subtle taste.<\/p>\n<p>\u2022 1 kg tomatoes<br \/>\n\u2022 1 lime<br \/>\n\u2022 1 cinnamon stick<\/p>\n<p>Hollow out the tomatoes and cut them into small strips. Weigh and add the sugar and lemon zest, let marinate overnight. The next day, add the cinnamon and bring to a boil while skimming. Cook 15 min.\u2028Allow it to marinate overnight again.\u2028Then heat the mixture for 1min, drain the tomatoes and pass them through a food mill with large holes. Mix, bring to a boil, skim, lower the heat and cook for 20-25 minutes, stirring until it thickens.\u2028Check the tablecloth and put in jars, adding cinnamon to each one.<\/p>\n<\/div><\/div><\/div><div class=\"fusion-clearfix\"><\/div><\/div><\/div><div class=\"fusion-layout-column fusion_builder_column fusion-builder-column-4 fusion_builder_column_1_2 1_2 fusion-one-half fusion-column-last\" style=\"--awb-padding-top:20px;--awb-padding-right:20px;--awb-padding-left:20px;--awb-bg-color:#efefef;--awb-bg-color-hover:#efefef;--awb-bg-size:cover;--awb-margin-bottom:0px;width:50%;width:calc(50% - ( ( 10px ) * 0.5 ) );\"><div class=\"fusion-column-wrapper fusion-column-has-shadow fusion-flex-column-wrapper-legacy\"><div class=\"fusion-column-content-centered\"><div class=\"fusion-column-content\"><div class=\"fusion-text fusion-text-5\"><h3 style=\"text-align: center;\">Our famous tomato &amp; lime jam<\/h3>\n<\/div><div class=\"fusion-image-element fusion-image-align-center in-legacy-container\" style=\"text-align:center;--awb-liftup-border-radius:0px;--awb-caption-title-font-family:var(--h2_typography-font-family);--awb-caption-title-font-weight:var(--h2_typography-font-weight);--awb-caption-title-font-style:var(--h2_typography-font-style);--awb-caption-title-size:var(--h2_typography-font-size);--awb-caption-title-transform:var(--h2_typography-text-transform);--awb-caption-title-line-height:var(--h2_typography-line-height);--awb-caption-title-letter-spacing:var(--h2_typography-letter-spacing);\"><div class=\"imageframe-align-center\"><div class=\"awb-image-frame awb-image-frame-3 imageframe-liftup\"><span class=\" fusion-imageframe imageframe-none imageframe-3\"><a href=\"https:\/\/alaverriere.com\/wp-content\/uploads\/2019\/12\/confitures-tomates-vertes-La-Verrie\u0300re.jpg\" class=\"fusion-lightbox\" data-rel=\"iLightbox[aecffdfe4294e752306]\" data-title=\"confitures-tomates-vertes-La-Verrie\u0300re\" title=\"confitures-tomates-vertes-La-Verrie\u0300re\"><img decoding=\"async\" width=\"800\" height=\"762\" src=\"https:\/\/alaverriere.com\/wp-content\/uploads\/2019\/12\/confitures-tomates-vertes-La-Verrie\u0300re.jpg\" alt class=\"img-responsive wp-image-3266\"\/><\/a><\/span><\/div><\/div><\/div><\/div><\/div><div class=\"fusion-clearfix\"><\/div><\/div><\/div><\/div><\/div><div class=\"fusion-fullwidth fullwidth-box fusion-builder-row-4 nonhundred-percent-fullwidth non-hundred-percent-height-scrolling fusion-equal-height-columns\" style=\"--awb-border-radius-top-left:0px;--awb-border-radius-top-right:0px;--awb-border-radius-bottom-right:0px;--awb-border-radius-bottom-left:0px;--awb-padding-bottom:0px;--awb-margin-bottom:10px;--awb-flex-wrap:wrap;\" ><div class=\"fusion-builder-row fusion-row\"><div class=\"fusion-layout-column fusion_builder_column fusion-builder-column-5 fusion_builder_column_1_2 1_2 fusion-one-half fusion-column-first\" style=\"--awb-padding-top:20px;--awb-padding-right:20px;--awb-padding-left:20px;--awb-bg-color:#efefef;--awb-bg-color-hover:#efefef;--awb-bg-size:cover;--awb-margin-bottom:0px;width:50%;width:calc(50% - ( ( 10px ) * 0.5 ) );margin-right: 10px;\"><div class=\"fusion-column-wrapper fusion-column-has-shadow fusion-flex-column-wrapper-legacy\"><div class=\"fusion-column-content-centered\"><div class=\"fusion-column-content\"><div class=\"fusion-text fusion-text-6\"><h3 style=\"text-align: center;\">Chestnut cream fondant!<\/h3>\n<\/div><div class=\"fusion-image-element fusion-image-align-center in-legacy-container\" style=\"text-align:center;--awb-liftup-border-radius:0px;--awb-caption-title-font-family:var(--h2_typography-font-family);--awb-caption-title-font-weight:var(--h2_typography-font-weight);--awb-caption-title-font-style:var(--h2_typography-font-style);--awb-caption-title-size:var(--h2_typography-font-size);--awb-caption-title-transform:var(--h2_typography-text-transform);--awb-caption-title-line-height:var(--h2_typography-line-height);--awb-caption-title-letter-spacing:var(--h2_typography-letter-spacing);\"><div class=\"imageframe-align-center\"><div class=\"awb-image-frame awb-image-frame-4 imageframe-liftup\"><span class=\" fusion-imageframe imageframe-none imageframe-4\"><a href=\"https:\/\/alaverriere.com\/wp-content\/uploads\/2019\/11\/recette-fondant-a\u0300-la-creme-de-marron-la-verriere-maison-hote.jpg\" class=\"fusion-lightbox\" data-rel=\"iLightbox[32d00afee6f4db1ba15]\" data-title=\"recette fondant a\u0300 la creme de marron la verriere maison hote\" title=\"recette fondant a\u0300 la creme de marron la verriere maison hote\"><img decoding=\"async\" width=\"609\" height=\"449\" src=\"https:\/\/alaverriere.com\/wp-content\/uploads\/2019\/11\/recette-fondant-a\u0300-la-creme-de-marron-la-verriere-maison-hote.jpg\" alt class=\"img-responsive wp-image-3089\"\/><\/a><\/span><\/div><\/div><\/div><\/div><\/div><div class=\"fusion-clearfix\"><\/div><\/div><\/div><div class=\"fusion-layout-column fusion_builder_column fusion-builder-column-6 fusion_builder_column_1_2 1_2 fusion-one-half fusion-column-last\" style=\"--awb-padding-top:20px;--awb-padding-right:20px;--awb-padding-left:20px;--awb-bg-color:#efefef;--awb-bg-color-hover:#efefef;--awb-bg-size:cover;--awb-margin-bottom:0px;width:50%;width:calc(50% - ( ( 10px ) * 0.5 ) );\"><div class=\"fusion-column-wrapper fusion-column-has-shadow fusion-flex-column-wrapper-legacy\"><div class=\"fusion-column-content-centered\"><div class=\"fusion-column-content\"><div class=\"fusion-text fusion-text-7\"><p>An autumn cake flavored with chestnuts from our beautiful region. For 6-8 people.<\/p>\n<p>\u2022 4 eggs<br \/>\n\u2022 125 g butter<br \/>\n\u2022 500 g chestnut cream<br \/>\n\u2022 2 T. flour<br \/>\n\u2022 1 T. rum<\/p>\n<p>Pre-heat oven to 6\/180\u00b0.\u2028Melt butter and mix with chestnut cream\u2028Separate egg whites from the yolks and beat until stiff peaks form.\u2028Add the yolks and rum to the cream, folding them in gently.\u2028Grease a baking pan and fill it with the cake batter.\u2028Bake 45 mins.<\/p>\n<\/div><\/div><\/div><div class=\"fusion-clearfix\"><\/div><\/div><\/div><\/div><\/div><div class=\"fusion-fullwidth fullwidth-box fusion-builder-row-5 nonhundred-percent-fullwidth non-hundred-percent-height-scrolling fusion-equal-height-columns\" style=\"--awb-border-radius-top-left:0px;--awb-border-radius-top-right:0px;--awb-border-radius-bottom-right:0px;--awb-border-radius-bottom-left:0px;--awb-padding-bottom:0px;--awb-flex-wrap:wrap;\" ><div class=\"fusion-builder-row fusion-row\"><div class=\"fusion-layout-column fusion_builder_column fusion-builder-column-7 fusion_builder_column_1_2 1_2 fusion-one-half fusion-column-first\" style=\"--awb-padding-top:20px;--awb-padding-right:20px;--awb-padding-left:20px;--awb-bg-color:#efefef;--awb-bg-color-hover:#efefef;--awb-bg-size:cover;--awb-margin-bottom:0px;width:50%;width:calc(50% - ( ( 10px ) * 0.5 ) );margin-right: 10px;\"><div class=\"fusion-column-wrapper fusion-column-has-shadow fusion-flex-column-wrapper-legacy\"><div class=\"fusion-column-content-centered\"><div class=\"fusion-column-content\"><div class=\"fusion-text fusion-text-8\"><p>A must-have among the house&#8217;s desserts, often in the form of a birthday cake, to which Gr\u00e9goire sometimes adds secret ingredients. The pleasure of gourmands! For 8-10 people.<\/p>\n<p>\u2022 200 g chocolate<br \/>\n\u2022 4 eggs<br \/>\n\u2022 150 g sugar<br \/>\n\u2022 50 g flour<br \/>\n\u2022 150 g butter<\/p>\n<p>Melt the chocolate in a double boiler with, for example, a bit of coffee. When it&#8217;s melted, add the butter and whisk it to form a smooth batter. In another bowl, vigorously beat the eggs with the sugar, then stir in the flour and chocolate. Pour into a greased and floured pan. Bake for about 8 min in a hot oven (150\u00b0) and an additional 5 min in a medium oven.<\/p>\n<\/div><\/div><\/div><div class=\"fusion-clearfix\"><\/div><\/div><\/div><div class=\"fusion-layout-column fusion_builder_column fusion-builder-column-8 fusion_builder_column_1_2 1_2 fusion-one-half fusion-column-last\" style=\"--awb-padding-top:20px;--awb-padding-right:20px;--awb-padding-left:20px;--awb-bg-color:#efefef;--awb-bg-color-hover:#efefef;--awb-bg-size:cover;--awb-margin-bottom:0px;width:50%;width:calc(50% - ( ( 10px ) * 0.5 ) );\"><div class=\"fusion-column-wrapper fusion-column-has-shadow fusion-flex-column-wrapper-legacy\"><div class=\"fusion-column-content-centered\"><div class=\"fusion-column-content\"><div class=\"fusion-text fusion-text-9\"><h3 style=\"text-align: center;\">Chocolate fondant<\/h3>\n<\/div><div class=\"fusion-image-element fusion-image-align-center in-legacy-container\" style=\"text-align:center;--awb-liftup-border-radius:0px;--awb-caption-title-font-family:var(--h2_typography-font-family);--awb-caption-title-font-weight:var(--h2_typography-font-weight);--awb-caption-title-font-style:var(--h2_typography-font-style);--awb-caption-title-size:var(--h2_typography-font-size);--awb-caption-title-transform:var(--h2_typography-text-transform);--awb-caption-title-line-height:var(--h2_typography-line-height);--awb-caption-title-letter-spacing:var(--h2_typography-letter-spacing);\"><div class=\"imageframe-align-center\"><div class=\"awb-image-frame awb-image-frame-5 imageframe-liftup\"><span class=\" fusion-imageframe imageframe-none imageframe-5\"><a href=\"https:\/\/alaverriere.com\/wp-content\/uploads\/2019\/11\/gateau-au-chocolat-la-verriere-maison-hote.jpg\" class=\"fusion-lightbox\" data-rel=\"iLightbox[58f9cc877d72c1fc5e9]\" data-title=\"gateau au chocolat la verriere maison hote\" title=\"gateau au chocolat la verriere maison hote\"><img decoding=\"async\" width=\"800\" height=\"600\" src=\"https:\/\/alaverriere.com\/wp-content\/uploads\/2019\/11\/gateau-au-chocolat-la-verriere-maison-hote.jpg\" alt class=\"img-responsive wp-image-3094\"\/><\/a><\/span><\/div><\/div><\/div><\/div><\/div><div class=\"fusion-clearfix\"><\/div><\/div><\/div><\/div><\/div><div class=\"fusion-fullwidth fullwidth-box fusion-builder-row-6 fusion-parallax-none nonhundred-percent-fullwidth non-hundred-percent-height-scrolling\" style=\"--awb-background-position:center top;--awb-border-radius-top-left:0px;--awb-border-radius-top-right:0px;--awb-border-radius-bottom-right:0px;--awb-border-radius-bottom-left:0px;--awb-background-image:url(&quot;https:\/\/alaverriere.com\/wp-content\/uploads\/2019\/12\/5-bis-la-maison-dh\u00f4tes-de-La-Verri\u00e8re2.jpg&quot;);--awb-background-size:cover;--awb-flex-wrap:wrap;\" ><div class=\"fusion-builder-row fusion-row\"><div class=\"fusion-layout-column fusion_builder_column fusion-builder-column-9 fusion_builder_column_1_1 1_1 fusion-one-full fusion-column-first fusion-column-last\" style=\"--awb-padding-top:150px;--awb-padding-bottom:150px;--awb-bg-size:cover;\"><div class=\"fusion-column-wrapper fusion-column-has-shadow fusion-flex-column-wrapper-legacy\"><div class=\"fusion-aligncenter\"><a class=\"fusion-button button-flat fusion-button-default-size button-default fusion-button-default button-1 fusion-button-default-span fusion-button-default-type\" target=\"_self\" href=\"\/en\/book\/\"><span class=\"fusion-button-text awb-button__text awb-button__text--default\">Book your trip<\/span><\/a><\/div><div class=\"fusion-clearfix\"><\/div><\/div><\/div><\/div><\/div>\n<\/p>\n","protected":false},"excerpt":{"rendered":"","protected":false},"author":6,"featured_media":0,"parent":0,"menu_order":0,"comment_status":"closed","ping_status":"closed","template":"","meta":{"footnotes":""},"class_list":["post-3591","page","type-page","status-publish","hentry"],"yoast_head":"<!-- This site is optimized with the Yoast SEO plugin v27.0 - https:\/\/yoast.com\/product\/yoast-seo-wordpress\/ -->\n<title>Our recipes - Maison d&#039;h\u00f4te de la Verri\u00e8re en Beaujolais - Chambres d&#039;h\u00f4tes<\/title>\n<meta name=\"robots\" content=\"index, follow, max-snippet:-1, max-image-preview:large, max-video-preview:-1\" \/>\n<link rel=\"canonical\" href=\"https:\/\/alaverriere.com\/en\/our-recipes\/\" \/>\n<meta property=\"og:locale\" content=\"en_US\" \/>\n<meta property=\"og:type\" content=\"article\" \/>\n<meta property=\"og:title\" content=\"Our recipes - Maison d&#039;h\u00f4te de la Verri\u00e8re en Beaujolais - Chambres d&#039;h\u00f4tes\" \/>\n<meta property=\"og:url\" content=\"https:\/\/alaverriere.com\/en\/our-recipes\/\" \/>\n<meta property=\"og:site_name\" content=\"Maison d&#039;h\u00f4te de la Verri\u00e8re en Beaujolais - Chambres d&#039;h\u00f4tes\" \/>\n<meta property=\"article:modified_time\" content=\"2020-02-12T11:31:20+00:00\" \/>\n<meta name=\"twitter:card\" content=\"summary_large_image\" \/>\n<meta name=\"twitter:label1\" content=\"Est. reading time\" \/>\n\t<meta name=\"twitter:data1\" content=\"17 minutes\" \/>\n<script type=\"application\/ld+json\" class=\"yoast-schema-graph\">{\"@context\":\"https:\/\/schema.org\",\"@graph\":[{\"@type\":\"WebPage\",\"@id\":\"https:\/\/alaverriere.com\/en\/our-recipes\/\",\"url\":\"https:\/\/alaverriere.com\/en\/our-recipes\/\",\"name\":\"Our recipes - Maison d&#039;h\u00f4te de la Verri\u00e8re en Beaujolais - Chambres d&#039;h\u00f4tes\",\"isPartOf\":{\"@id\":\"https:\/\/alaverriere.com\/#website\"},\"datePublished\":\"2020-02-10T11:13:12+00:00\",\"dateModified\":\"2020-02-12T11:31:20+00:00\",\"breadcrumb\":{\"@id\":\"https:\/\/alaverriere.com\/en\/our-recipes\/#breadcrumb\"},\"inLanguage\":\"en-US\",\"potentialAction\":[{\"@type\":\"ReadAction\",\"target\":[\"https:\/\/alaverriere.com\/en\/our-recipes\/\"]}]},{\"@type\":\"BreadcrumbList\",\"@id\":\"https:\/\/alaverriere.com\/en\/our-recipes\/#breadcrumb\",\"itemListElement\":[{\"@type\":\"ListItem\",\"position\":1,\"name\":\"Accueil\",\"item\":\"https:\/\/alaverriere.com\/en\/\"},{\"@type\":\"ListItem\",\"position\":2,\"name\":\"Our recipes\"}]},{\"@type\":\"WebSite\",\"@id\":\"https:\/\/alaverriere.com\/#website\",\"url\":\"https:\/\/alaverriere.com\/\",\"name\":\"Maison d'h\u00f4te de la Verri\u00e8re \u00e0 Beaujolais, entre la Bourgogne du Sud et Lyon, r\u00e9servation\",\"description\":\"Maison d&#039;h\u00f4te de la Verri\u00e8re en Beaujolais - Chambres d&#039;h\u00f4tes\",\"potentialAction\":[{\"@type\":\"SearchAction\",\"target\":{\"@type\":\"EntryPoint\",\"urlTemplate\":\"https:\/\/alaverriere.com\/?s={search_term_string}\"},\"query-input\":{\"@type\":\"PropertyValueSpecification\",\"valueRequired\":true,\"valueName\":\"search_term_string\"}}],\"inLanguage\":\"en-US\"}]}<\/script>\n<!-- \/ Yoast SEO plugin. -->","yoast_head_json":{"title":"Our recipes - Maison d&#039;h\u00f4te de la Verri\u00e8re en Beaujolais - Chambres d&#039;h\u00f4tes","robots":{"index":"index","follow":"follow","max-snippet":"max-snippet:-1","max-image-preview":"max-image-preview:large","max-video-preview":"max-video-preview:-1"},"canonical":"https:\/\/alaverriere.com\/en\/our-recipes\/","og_locale":"en_US","og_type":"article","og_title":"Our recipes - Maison d&#039;h\u00f4te de la Verri\u00e8re en Beaujolais - Chambres d&#039;h\u00f4tes","og_url":"https:\/\/alaverriere.com\/en\/our-recipes\/","og_site_name":"Maison d&#039;h\u00f4te de la Verri\u00e8re en Beaujolais - Chambres d&#039;h\u00f4tes","article_modified_time":"2020-02-12T11:31:20+00:00","twitter_card":"summary_large_image","twitter_misc":{"Est. reading time":"17 minutes"},"schema":{"@context":"https:\/\/schema.org","@graph":[{"@type":"WebPage","@id":"https:\/\/alaverriere.com\/en\/our-recipes\/","url":"https:\/\/alaverriere.com\/en\/our-recipes\/","name":"Our recipes - Maison d&#039;h\u00f4te de la Verri\u00e8re en Beaujolais - Chambres d&#039;h\u00f4tes","isPartOf":{"@id":"https:\/\/alaverriere.com\/#website"},"datePublished":"2020-02-10T11:13:12+00:00","dateModified":"2020-02-12T11:31:20+00:00","breadcrumb":{"@id":"https:\/\/alaverriere.com\/en\/our-recipes\/#breadcrumb"},"inLanguage":"en-US","potentialAction":[{"@type":"ReadAction","target":["https:\/\/alaverriere.com\/en\/our-recipes\/"]}]},{"@type":"BreadcrumbList","@id":"https:\/\/alaverriere.com\/en\/our-recipes\/#breadcrumb","itemListElement":[{"@type":"ListItem","position":1,"name":"Accueil","item":"https:\/\/alaverriere.com\/en\/"},{"@type":"ListItem","position":2,"name":"Our recipes"}]},{"@type":"WebSite","@id":"https:\/\/alaverriere.com\/#website","url":"https:\/\/alaverriere.com\/","name":"Maison d'h\u00f4te de la Verri\u00e8re \u00e0 Beaujolais, entre la Bourgogne du Sud et Lyon, r\u00e9servation","description":"Maison d&#039;h\u00f4te de la Verri\u00e8re en Beaujolais - Chambres d&#039;h\u00f4tes","potentialAction":[{"@type":"SearchAction","target":{"@type":"EntryPoint","urlTemplate":"https:\/\/alaverriere.com\/?s={search_term_string}"},"query-input":{"@type":"PropertyValueSpecification","valueRequired":true,"valueName":"search_term_string"}}],"inLanguage":"en-US"}]}},"_links":{"self":[{"href":"https:\/\/alaverriere.com\/en\/wp-json\/wp\/v2\/pages\/3591","targetHints":{"allow":["GET"]}}],"collection":[{"href":"https:\/\/alaverriere.com\/en\/wp-json\/wp\/v2\/pages"}],"about":[{"href":"https:\/\/alaverriere.com\/en\/wp-json\/wp\/v2\/types\/page"}],"author":[{"embeddable":true,"href":"https:\/\/alaverriere.com\/en\/wp-json\/wp\/v2\/users\/6"}],"replies":[{"embeddable":true,"href":"https:\/\/alaverriere.com\/en\/wp-json\/wp\/v2\/comments?post=3591"}],"version-history":[{"count":5,"href":"https:\/\/alaverriere.com\/en\/wp-json\/wp\/v2\/pages\/3591\/revisions"}],"predecessor-version":[{"id":3654,"href":"https:\/\/alaverriere.com\/en\/wp-json\/wp\/v2\/pages\/3591\/revisions\/3654"}],"wp:attachment":[{"href":"https:\/\/alaverriere.com\/en\/wp-json\/wp\/v2\/media?parent=3591"}],"curies":[{"name":"wp","href":"https:\/\/api.w.org\/{rel}","templated":true}]}}